{"id":27490,"date":"2022-10-25T16:28:16","date_gmt":"2022-10-25T14:28:16","guid":{"rendered":"https:\/\/peterneururer.de\/?page_id=27490"},"modified":"2022-10-26T14:08:33","modified_gmt":"2022-10-26T12:08:33","slug":"pn-ehrengast","status":"publish","type":"page","link":"https:\/\/peterneururer.de\/index.php\/pn-ehrengast\/","title":{"rendered":"pn-Ehrengast"},"content":{"rendered":"\t\t<div data-elementor-type=\"wp-page\" data-elementor-id=\"27490\" class=\"elementor elementor-27490\">\n\t\t\t\t\t\t\t\t\t<section class=\"elementor-section elementor-top-section elementor-element elementor-element-2f95132 elementor-section-stretched elementor-section-boxed elementor-section-height-default elementor-section-height-default\" data-id=\"2f95132\" data-element_type=\"section\" data-settings=\"{&quot;stretch_section&quot;:&quot;section-stretched&quot;,&quot;background_background&quot;:&quot;classic&quot;}\">\n\t\t\t\t\t\t<div class=\"elementor-container elementor-column-gap-default\">\n\t\t\t\t\t<div class=\"elementor-column elementor-col-100 elementor-top-column elementor-element elementor-element-a80d7b2\" data-id=\"a80d7b2\" data-element_type=\"column\">\n\t\t\t<div class=\"elementor-widget-wrap elementor-element-populated\">\n\t\t\t\t\t\t\t\t<section class=\"elementor-section elementor-inner-section elementor-element elementor-element-955ad6c elementor-section-content-middle elementor-section-boxed elementor-section-height-default elementor-section-height-default\" data-id=\"955ad6c\" data-element_type=\"section\">\n\t\t\t\t\t\t<div class=\"elementor-container elementor-column-gap-default\">\n\t\t\t\t\t<div class=\"elementor-column elementor-col-50 elementor-inner-column elementor-element elementor-element-4e043ea\" data-id=\"4e043ea\" data-element_type=\"column\">\n\t\t\t<div class=\"elementor-widget-wrap elementor-element-populated\">\n\t\t\t\t\t\t\t\t<div class=\"elementor-element elementor-element-77e942a elementor-widget elementor-widget-image\" data-id=\"77e942a\" data-element_type=\"widget\" data-widget_type=\"image.default\">\n\t\t\t\t<div class=\"elementor-widget-container\">\n\t\t\t<style>\/*! elementor - v3.7.8 - 02-10-2022 *\/\n.elementor-widget-image{text-align:center}.elementor-widget-image a{display:inline-block}.elementor-widget-image a img[src$=\".svg\"]{width:48px}.elementor-widget-image img{vertical-align:middle;display:inline-block}<\/style>\t\t\t\t\t\t\t\t\t\t\t\t<img loading=\"lazy\" decoding=\"async\" width=\"640\" height=\"428\" src=\"https:\/\/peterneururer.de\/wp-content\/uploads\/2022\/10\/as.jpg\" class=\"attachment-large size-large\" alt=\"\" srcset=\"https:\/\/peterneururer.de\/wp-content\/uploads\/2022\/10\/as.jpg 971w, https:\/\/peterneururer.de\/wp-content\/uploads\/2022\/10\/as-300x201.jpg 300w, https:\/\/peterneururer.de\/wp-content\/uploads\/2022\/10\/as-768x513.jpg 768w, https:\/\/peterneururer.de\/wp-content\/uploads\/2022\/10\/as-365x243.jpg 365w\" sizes=\"auto, (max-width: 640px) 100vw, 640px\" \/>\t\t\t\t\t\t\t\t\t\t\t\t\t\t\t<\/div>\n\t\t\t\t<\/div>\n\t\t\t\t\t<\/div>\n\t\t<\/div>\n\t\t\t\t<div class=\"elementor-column elementor-col-50 elementor-inner-column elementor-element elementor-element-76ce8a2\" data-id=\"76ce8a2\" data-element_type=\"column\">\n\t\t\t<div class=\"elementor-widget-wrap elementor-element-populated\">\n\t\t\t\t\t\t\t\t<div class=\"elementor-element elementor-element-01dac15 elementor-widget elementor-widget-rs-heading\" data-id=\"01dac15\" data-element_type=\"widget\" data-widget_type=\"rs-heading.default\">\n\t\t\t\t<div class=\"elementor-widget-container\">\n\t\t\t\n        <div class=\"prelements-heading style4 animate-default \">\n        \t<div class=\"title-inner\"> \n\t        \t       \t\t      \t\t\n\t            <h2 class=\"title\"><span class=\"watermark\"><\/span>EHRENGAST<\/h2>\t\t\t\t\n\t\t\t\t\t        <\/div>\n\t                    \t<div class=\"description\">\n            \t\t            \t\tManchmal braucht man f\u00fcr einen besonderen Moment eine besondere \u00dcberraschung. Wenn Peter Neururer als Ehren- bzw. \u00dcberraschungsgast erscheint, egal ob am Abschlag beim Golfturnier, beim Amateurfu\u00dfball oder zur Gesch\u00e4ftser\u00f6ffnung, es ist immer eine gelungene \u00dcberraschung.  \n            \t<\/div>\n        \t        <\/div>\n        \t\t<\/div>\n\t\t\t\t<\/div>\n\t\t\t\t<div class=\"elementor-element elementor-element-bc356a5 elementor-widget elementor-widget-rs-button\" data-id=\"bc356a5\" data-element_type=\"widget\" data-widget_type=\"rs-button.default\">\n\t\t\t\t<div class=\"elementor-widget-container\">\n\t\t\t\t\t\r\n\t\t\t\t\t<div class=\"rs-btn\">\r\n\t\t\t\t\t\t\t\t<a class=\"rs_button double-bg-disable\" href=\"https:\/\/peterneururer.de\/index.php\/pn-buchen\/\" >\t\t\t\t\r\n\t\t\t\t\t<span class=\"btn_text\">P.N. buchen<\/span>\r\n\t\t\t\t\t\t\t\t\t\t\t<i class=\"fa fa fa-angle-left\"><\/i>\r\n\t\t\t\t\t\t\t\t\t<\/a>\r\n\t\t\t<\/div> \r\n\t\t   \r\n\t\t\t<\/div>\n\t\t\t\t<\/div>\n\t\t\t\t\t<\/div>\n\t\t<\/div>\n\t\t\t\t\t\t\t<\/div>\n\t\t<\/section>\n\t\t\t\t\t<\/div>\n\t\t<\/div>\n\t\t\t\t\t\t\t<\/div>\n\t\t<\/section>\n\t\t\t\t\t\t\t<\/div>\n\t\t","protected":false},"excerpt":{"rendered":"<p>EHRENGAST Manchmal braucht man f\u00fcr einen besonderen Moment eine besondere \u00dcberraschung. Wenn Peter Neururer als Ehren- bzw. \u00dcberraschungsgast erscheint, egal ob am Abschlag beim Golfturnier, beim Amateurfu\u00dfball oder zur Gesch\u00e4ftser\u00f6ffnung, es ist immer eine gelungene \u00dcberraschung. P.N. buchen<\/p>\n","protected":false},"author":1,"featured_media":0,"parent":0,"menu_order":0,"comment_status":"closed","ping_status":"closed","template":"","meta":{"ngg_post_thumbnail":0,"footnotes":""},"class_list":["post-27490","page","type-page","status-publish","hentry"],"_links":{"self":[{"href":"https:\/\/peterneururer.de\/index.php\/wp-json\/wp\/v2\/pages\/27490","targetHints":{"allow":["GET"]}}],"collection":[{"href":"https:\/\/peterneururer.de\/index.php\/wp-json\/wp\/v2\/pages"}],"about":[{"href":"https:\/\/peterneururer.de\/index.php\/wp-json\/wp\/v2\/types\/page"}],"author":[{"embeddable":true,"href":"https:\/\/peterneururer.de\/index.php\/wp-json\/wp\/v2\/users\/1"}],"replies":[{"embeddable":true,"href":"https:\/\/peterneururer.de\/index.php\/wp-json\/wp\/v2\/comments?post=27490"}],"version-history":[{"count":7,"href":"https:\/\/peterneururer.de\/index.php\/wp-json\/wp\/v2\/pages\/27490\/revisions"}],"predecessor-version":[{"id":27617,"href":"https:\/\/peterneururer.de\/index.php\/wp-json\/wp\/v2\/pages\/27490\/revisions\/27617"}],"wp:attachment":[{"href":"https:\/\/peterneururer.de\/index.php\/wp-json\/wp\/v2\/media?parent=27490"}],"curies":[{"name":"wp","href":"https:\/\/api.w.org\/{rel}","templated":true}]}}