{"id":27485,"date":"2022-10-25T16:26:29","date_gmt":"2022-10-25T14:26:29","guid":{"rendered":"https:\/\/peterneururer.de\/?page_id=27485"},"modified":"2022-10-26T14:07:58","modified_gmt":"2022-10-26T12:07:58","slug":"pn-talkrunden","status":"publish","type":"page","link":"https:\/\/peterneururer.de\/index.php\/pn-talkrunden\/","title":{"rendered":"pn-Talkrunden"},"content":{"rendered":"\t\t<div data-elementor-type=\"wp-page\" data-elementor-id=\"27485\" class=\"elementor elementor-27485\">\n\t\t\t\t\t\t\t\t\t<section class=\"elementor-section elementor-top-section elementor-element elementor-element-2f95132 elementor-section-stretched elementor-section-boxed elementor-section-height-default elementor-section-height-default\" data-id=\"2f95132\" data-element_type=\"section\" data-settings=\"{&quot;stretch_section&quot;:&quot;section-stretched&quot;,&quot;background_background&quot;:&quot;classic&quot;}\">\n\t\t\t\t\t\t<div class=\"elementor-container elementor-column-gap-default\">\n\t\t\t\t\t<div class=\"elementor-column elementor-col-100 elementor-top-column elementor-element elementor-element-a80d7b2\" data-id=\"a80d7b2\" data-element_type=\"column\">\n\t\t\t<div class=\"elementor-widget-wrap elementor-element-populated\">\n\t\t\t\t\t\t\t\t<section class=\"elementor-section elementor-inner-section elementor-element elementor-element-955ad6c elementor-section-content-middle elementor-section-boxed elementor-section-height-default elementor-section-height-default\" data-id=\"955ad6c\" data-element_type=\"section\">\n\t\t\t\t\t\t<div class=\"elementor-container elementor-column-gap-default\">\n\t\t\t\t\t<div class=\"elementor-column elementor-col-50 elementor-inner-column elementor-element elementor-element-4e043ea\" data-id=\"4e043ea\" data-element_type=\"column\">\n\t\t\t<div class=\"elementor-widget-wrap elementor-element-populated\">\n\t\t\t\t\t\t\t\t<div class=\"elementor-element elementor-element-77e942a elementor-widget elementor-widget-image\" data-id=\"77e942a\" data-element_type=\"widget\" data-widget_type=\"image.default\">\n\t\t\t\t<div class=\"elementor-widget-container\">\n\t\t\t<style>\/*! elementor - v3.7.8 - 02-10-2022 *\/\n.elementor-widget-image{text-align:center}.elementor-widget-image a{display:inline-block}.elementor-widget-image a img[src$=\".svg\"]{width:48px}.elementor-widget-image img{vertical-align:middle;display:inline-block}<\/style>\t\t\t\t\t\t\t\t\t\t\t\t<img loading=\"lazy\" decoding=\"async\" width=\"640\" height=\"428\" src=\"https:\/\/peterneururer.de\/wp-content\/uploads\/2022\/10\/talk.jpg\" class=\"attachment-large size-large\" alt=\"\" srcset=\"https:\/\/peterneururer.de\/wp-content\/uploads\/2022\/10\/talk.jpg 971w, https:\/\/peterneururer.de\/wp-content\/uploads\/2022\/10\/talk-300x201.jpg 300w, https:\/\/peterneururer.de\/wp-content\/uploads\/2022\/10\/talk-768x513.jpg 768w, https:\/\/peterneururer.de\/wp-content\/uploads\/2022\/10\/talk-365x243.jpg 365w\" sizes=\"auto, (max-width: 640px) 100vw, 640px\" \/>\t\t\t\t\t\t\t\t\t\t\t\t\t\t\t<\/div>\n\t\t\t\t<\/div>\n\t\t\t\t\t<\/div>\n\t\t<\/div>\n\t\t\t\t<div class=\"elementor-column elementor-col-50 elementor-inner-column elementor-element elementor-element-76ce8a2\" data-id=\"76ce8a2\" data-element_type=\"column\">\n\t\t\t<div class=\"elementor-widget-wrap elementor-element-populated\">\n\t\t\t\t\t\t\t\t<div class=\"elementor-element elementor-element-01dac15 elementor-widget elementor-widget-rs-heading\" data-id=\"01dac15\" data-element_type=\"widget\" data-widget_type=\"rs-heading.default\">\n\t\t\t\t<div class=\"elementor-widget-container\">\n\t\t\t\n        <div class=\"prelements-heading style4 animate-default \">\n        \t<div class=\"title-inner\"> \n\t        \t       \t\t      \t\t\n\t            <h2 class=\"title\"><span class=\"watermark\"><\/span>TALKRUNDEN<\/h2>\t\t\t\t\n\t\t\t\t\t        <\/div>\n\t                    \t<div class=\"description\">\n            \t\t            \t\tPeter Neururer ist neben seiner Aktivit\u00e4t bei SPORT1 und anderen TV-Sendern ein gefragter Gast in unterschiedlichsten Unterhaltungsshows, wie z. B. Markus Lanz, Kochshows und Quizformaten.\nSelbstverst\u00e4ndlich k\u00f6nnen wir auch in Ihrem Unternehmen eine Talkshow realisieren. Im Falle, dass sie weitere Prominente w\u00fcnschen, k\u00f6nnen wir Ihnen gerne diverse Vorschl\u00e4ge unterbreiten.  \n            \t<\/div>\n        \t        <\/div>\n        \t\t<\/div>\n\t\t\t\t<\/div>\n\t\t\t\t<div class=\"elementor-element elementor-element-bc356a5 elementor-widget elementor-widget-rs-button\" data-id=\"bc356a5\" data-element_type=\"widget\" data-widget_type=\"rs-button.default\">\n\t\t\t\t<div class=\"elementor-widget-container\">\n\t\t\t\t\t\r\n\t\t\t\t\t<div class=\"rs-btn\">\r\n\t\t\t\t\t\t\t\t<a class=\"rs_button double-bg-disable\" href=\"https:\/\/peterneururer.de\/index.php\/pn-buchen\/\" >\t\t\t\t\r\n\t\t\t\t\t<span class=\"btn_text\">P.N. buchen<\/span>\r\n\t\t\t\t\t\t\t\t\t\t\t<i class=\"fa fa fa-angle-left\"><\/i>\r\n\t\t\t\t\t\t\t\t\t<\/a>\r\n\t\t\t<\/div> \r\n\t\t   \r\n\t\t\t<\/div>\n\t\t\t\t<\/div>\n\t\t\t\t\t<\/div>\n\t\t<\/div>\n\t\t\t\t\t\t\t<\/div>\n\t\t<\/section>\n\t\t\t\t\t<\/div>\n\t\t<\/div>\n\t\t\t\t\t\t\t<\/div>\n\t\t<\/section>\n\t\t\t\t\t\t\t<\/div>\n\t\t","protected":false},"excerpt":{"rendered":"<p>TALKRUNDEN Peter Neururer ist neben seiner Aktivit\u00e4t bei SPORT1 und anderen TV-Sendern ein gefragter Gast in unterschiedlichsten Unterhaltungsshows, wie z. B. Markus Lanz, Kochshows und Quizformaten. Selbstverst\u00e4ndlich k\u00f6nnen wir auch in Ihrem Unternehmen eine Talkshow realisieren. Im Falle, dass sie weitere Prominente w\u00fcnschen, k\u00f6nnen wir Ihnen gerne diverse Vorschl\u00e4ge unterbreiten. P.N. buchen<\/p>\n","protected":false},"author":1,"featured_media":0,"parent":0,"menu_order":0,"comment_status":"closed","ping_status":"closed","template":"","meta":{"ngg_post_thumbnail":0,"footnotes":""},"class_list":["post-27485","page","type-page","status-publish","hentry"],"_links":{"self":[{"href":"https:\/\/peterneururer.de\/index.php\/wp-json\/wp\/v2\/pages\/27485","targetHints":{"allow":["GET"]}}],"collection":[{"href":"https:\/\/peterneururer.de\/index.php\/wp-json\/wp\/v2\/pages"}],"about":[{"href":"https:\/\/peterneururer.de\/index.php\/wp-json\/wp\/v2\/types\/page"}],"author":[{"embeddable":true,"href":"https:\/\/peterneururer.de\/index.php\/wp-json\/wp\/v2\/users\/1"}],"replies":[{"embeddable":true,"href":"https:\/\/peterneururer.de\/index.php\/wp-json\/wp\/v2\/comments?post=27485"}],"version-history":[{"count":10,"href":"https:\/\/peterneururer.de\/index.php\/wp-json\/wp\/v2\/pages\/27485\/revisions"}],"predecessor-version":[{"id":27611,"href":"https:\/\/peterneururer.de\/index.php\/wp-json\/wp\/v2\/pages\/27485\/revisions\/27611"}],"wp:attachment":[{"href":"https:\/\/peterneururer.de\/index.php\/wp-json\/wp\/v2\/media?parent=27485"}],"curies":[{"name":"wp","href":"https:\/\/api.w.org\/{rel}","templated":true}]}}