{"id":22536,"date":"2021-08-04T12:10:23","date_gmt":"2021-08-04T10:10:23","guid":{"rendered":"https:\/\/keenitsolutions.com\/products\/wordpress\/bizup\/?page_id=22536"},"modified":"2024-10-20T20:39:58","modified_gmt":"2024-10-20T18:39:58","slug":"pn-vita","status":"publish","type":"page","link":"https:\/\/peterneururer.de\/index.php\/pn-vita\/","title":{"rendered":"pn-Vita"},"content":{"rendered":"\t\t<div data-elementor-type=\"wp-page\" data-elementor-id=\"22536\" class=\"elementor elementor-22536\">\n\t\t\t\t\t\t\t\t\t<section class=\"elementor-section elementor-top-section elementor-element elementor-element-091870c elementor-section-stretched elementor-section-boxed elementor-section-height-default elementor-section-height-default\" data-id=\"091870c\" data-element_type=\"section\" data-settings=\"{&quot;stretch_section&quot;:&quot;section-stretched&quot;,&quot;background_background&quot;:&quot;classic&quot;}\">\n\t\t\t\t\t\t<div class=\"elementor-container elementor-column-gap-default\">\n\t\t\t\t\t<div class=\"elementor-column elementor-col-50 elementor-top-column elementor-element elementor-element-87b1c31\" data-id=\"87b1c31\" data-element_type=\"column\">\n\t\t\t<div class=\"elementor-widget-wrap elementor-element-populated\">\n\t\t\t\t\t\t\t\t<div class=\"elementor-element elementor-element-8086a81 elementor-widget elementor-widget-rs-heading\" data-id=\"8086a81\" data-element_type=\"widget\" data-widget_type=\"rs-heading.default\">\n\t\t\t\t<div class=\"elementor-widget-container\">\n\t\t\t\n        <div class=\"prelements-heading style4 animate- \">\n        \t<div class=\"title-inner\"> \n\t        \t       \t\t      \t\t\n\t            <h1 class=\"title\"><span class=\"watermark\">VITA<\/span>VITA<\/h1>\t\t\t\t\n\t\t\t\t\t        <\/div>\n\t                <\/div>\n        \t\t<\/div>\n\t\t\t\t<\/div>\n\t\t\t\t\t<\/div>\n\t\t<\/div>\n\t\t\t\t<div class=\"elementor-column elementor-col-50 elementor-top-column elementor-element elementor-element-0c8bae1\" data-id=\"0c8bae1\" data-element_type=\"column\">\n\t\t\t<div class=\"elementor-widget-wrap\">\n\t\t\t\t\t\t\t\t\t<\/div>\n\t\t<\/div>\n\t\t\t\t\t\t\t<\/div>\n\t\t<\/section>\n\t\t\t\t<section class=\"elementor-section elementor-top-section elementor-element elementor-element-de7835c elementor-section-boxed elementor-section-height-default elementor-section-height-default\" data-id=\"de7835c\" data-element_type=\"section\">\n\t\t\t\t\t\t<div class=\"elementor-container elementor-column-gap-default\">\n\t\t\t\t\t<div class=\"elementor-column elementor-col-100 elementor-top-column elementor-element elementor-element-e380f3e\" data-id=\"e380f3e\" data-element_type=\"column\">\n\t\t\t<div class=\"elementor-widget-wrap elementor-element-populated\">\n\t\t\t\t\t\t\t\t<div class=\"elementor-element elementor-element-1a691bb elementor-widget elementor-widget-text-editor\" data-id=\"1a691bb\" data-element_type=\"widget\" data-widget_type=\"text-editor.default\">\n\t\t\t\t<div class=\"elementor-widget-container\">\n\t\t\t<style>\/*! elementor - v3.7.8 - 02-10-2022 *\/\n.elementor-widget-text-editor.elementor-drop-cap-view-stacked .elementor-drop-cap{background-color:#818a91;color:#fff}.elementor-widget-text-editor.elementor-drop-cap-view-framed .elementor-drop-cap{color:#818a91;border:3px solid;background-color:transparent}.elementor-widget-text-editor:not(.elementor-drop-cap-view-default) .elementor-drop-cap{margin-top:8px}.elementor-widget-text-editor:not(.elementor-drop-cap-view-default) .elementor-drop-cap-letter{width:1em;height:1em}.elementor-widget-text-editor .elementor-drop-cap{float:left;text-align:center;line-height:1;font-size:50px}.elementor-widget-text-editor .elementor-drop-cap-letter{display:inline-block}<\/style>\t\t\t\t<p><b>Beruf: Bundesligatrainer<br \/><br \/>Ausbildung:<br \/>Dipl. Sportwissenschaftler<br \/>Dipl. Fu\u00dfballlehrer<br \/><br \/>Trainerlizenz: UEFA Pro Lizenz<br \/><br \/>Sprachen: deutsch, englisch, franz\u00f6sisch, spanisch<br \/><br \/>Trainerlaufbahn:<\/b><\/p>\t\t\t\t\t\t<\/div>\n\t\t\t\t<\/div>\n\t\t\t\t\t<\/div>\n\t\t<\/div>\n\t\t\t\t\t\t\t<\/div>\n\t\t<\/section>\n\t\t\t\t<section class=\"elementor-section elementor-top-section elementor-element elementor-element-196e64ac elementor-section-full_width elementor-section-height-default elementor-section-height-default\" data-id=\"196e64ac\" data-element_type=\"section\">\n\t\t\t\t\t\t<div class=\"elementor-container elementor-column-gap-extended\">\n\t\t\t\t\t<div class=\"elementor-column elementor-col-33 elementor-top-column elementor-element elementor-element-54f82c0e\" data-id=\"54f82c0e\" data-element_type=\"column\" data-settings=\"{&quot;background_background&quot;:&quot;classic&quot;}\">\n\t\t\t<div class=\"elementor-widget-wrap elementor-element-populated\">\n\t\t\t\t\t\t\t\t<div class=\"elementor-element elementor-element-f74d962 elementor-widget elementor-widget-rs-iconbox\" data-id=\"f74d962\" data-element_type=\"widget\" data-widget_type=\"rs-iconbox.default\">\n\t\t\t\t<div class=\"elementor-widget-container\">\n\t\t\t\t\r\n\t\t<div class=\"rs-iconbox-area rs-animation-yes icon_box_style1\">\r\n\t\t    <div class=\"box-inner\">\r\n\r\n\t\t    \t\t\t    \t\t<div class=\"icon-area elementor-animation-wobble-vertical\">\r\n\t\t\t    \t\t\r\n\t\t\t    \t\t\t\t\t    \t\t\t<a href=\"#\"><img decoding=\"async\" src=\"https:\/\/peterneururer.de\/wp-content\/uploads\/2022\/10\/logo_vfl.png\" alt=\"image\"\/><\/a>\r\n\t\t\t    \t\t\r\n\t\t\t    \t\t\t\r\n\t\t    \t\t<\/div>\r\n\r\n\r\n\r\n\t\t    \t      \r\n\t\t\t    <div class=\"text-area\">\r\n\t\t\t    \t\t\r\n\t\t\t    \t\t\t\t    \t\t<p class=\"services-txt\">  VfL Bochum<\/p>\t\r\n\t\t\t    \t\t\r\n\t\t\t    <\/div>\r\n\r\n\t\t        \r\n\r\n\t\t\t    \r\n\t\t\t<\/div>\r\n\t\t<\/div>\t\r\n\t\t\t<\/div>\n\t\t\t\t<\/div>\n\t\t\t\t\t<\/div>\n\t\t<\/div>\n\t\t\t\t<div class=\"elementor-column elementor-col-33 elementor-top-column elementor-element elementor-element-646b81c0\" data-id=\"646b81c0\" data-element_type=\"column\" data-settings=\"{&quot;background_background&quot;:&quot;classic&quot;}\">\n\t\t\t<div class=\"elementor-widget-wrap elementor-element-populated\">\n\t\t\t\t\t\t\t\t<div class=\"elementor-element elementor-element-6f701dbe elementor-widget elementor-widget-rs-iconbox\" data-id=\"6f701dbe\" data-element_type=\"widget\" data-widget_type=\"rs-iconbox.default\">\n\t\t\t\t<div class=\"elementor-widget-container\">\n\t\t\t\t\r\n\t\t<div class=\"rs-iconbox-area rs-animation-yes icon_box_style1\">\r\n\t\t    <div class=\"box-inner\">\r\n\r\n\t\t    \t\t\t    \t\t<div class=\"icon-area elementor-animation-wobble-vertical\">\r\n\t\t\t    \t\t\r\n\t\t\t    \t\t\t\t\t    \t\t\t<a href=\"#\"><img decoding=\"async\" src=\"https:\/\/peterneururer.de\/wp-content\/uploads\/2022\/10\/logo_msv.png\" alt=\"image\"\/><\/a>\r\n\t\t\t    \t\t\r\n\t\t\t    \t\t\t\r\n\t\t    \t\t<\/div>\r\n\r\n\r\n\r\n\t\t    \t      \r\n\t\t\t    <div class=\"text-area\">\r\n\t\t\t    \t\t\r\n\t\t\t    \t\t\t\t    \t\t<p class=\"services-txt\">  MSV Duisburg<\/p>\t\r\n\t\t\t    \t\t\r\n\t\t\t    <\/div>\r\n\r\n\t\t        \r\n\r\n\t\t\t    \r\n\t\t\t<\/div>\r\n\t\t<\/div>\t\r\n\t\t\t<\/div>\n\t\t\t\t<\/div>\n\t\t\t\t\t<\/div>\n\t\t<\/div>\n\t\t\t\t<div class=\"elementor-column elementor-col-33 elementor-top-column elementor-element elementor-element-3ec5d38b elementor-hidden-tablet\" data-id=\"3ec5d38b\" data-element_type=\"column\" data-settings=\"{&quot;background_background&quot;:&quot;classic&quot;}\">\n\t\t\t<div class=\"elementor-widget-wrap elementor-element-populated\">\n\t\t\t\t\t\t\t\t<div class=\"elementor-element elementor-element-747e34a0 elementor-widget elementor-widget-rs-iconbox\" data-id=\"747e34a0\" data-element_type=\"widget\" data-widget_type=\"rs-iconbox.default\">\n\t\t\t\t<div class=\"elementor-widget-container\">\n\t\t\t\t\r\n\t\t<div class=\"rs-iconbox-area rs-animation-yes icon_box_style1\">\r\n\t\t    <div class=\"box-inner\">\r\n\r\n\t\t    \t\t\t    \t\t<div class=\"icon-area elementor-animation-wobble-vertical\">\r\n\t\t\t    \t\t\r\n\t\t\t    \t\t\t\t\t    \t\t\t<a href=\"#\"><img decoding=\"async\" src=\"https:\/\/peterneururer.de\/wp-content\/uploads\/2022\/10\/logo_h96.png\" alt=\"image\"\/><\/a>\r\n\t\t\t    \t\t\r\n\t\t\t    \t\t\t\r\n\t\t    \t\t<\/div>\r\n\r\n\r\n\r\n\t\t    \t      \r\n\t\t\t    <div class=\"text-area\">\r\n\t\t\t    \t\t\r\n\t\t\t    \t\t\t\t    \t\t<p class=\"services-txt\">  Hannover 96<\/p>\t\r\n\t\t\t    \t\t\r\n\t\t\t    <\/div>\r\n\r\n\t\t        \r\n\r\n\t\t\t    \r\n\t\t\t<\/div>\r\n\t\t<\/div>\t\r\n\t\t\t<\/div>\n\t\t\t\t<\/div>\n\t\t\t\t\t<\/div>\n\t\t<\/div>\n\t\t\t\t\t\t\t<\/div>\n\t\t<\/section>\n\t\t\t\t<section class=\"elementor-section elementor-top-section elementor-element elementor-element-1de3f736 elementor-section-full_width elementor-section-height-default elementor-section-height-default\" data-id=\"1de3f736\" data-element_type=\"section\">\n\t\t\t\t\t\t<div class=\"elementor-container elementor-column-gap-extended\">\n\t\t\t\t\t<div class=\"elementor-column elementor-col-33 elementor-top-column elementor-element elementor-element-1ec313a7\" data-id=\"1ec313a7\" data-element_type=\"column\" data-settings=\"{&quot;background_background&quot;:&quot;classic&quot;}\">\n\t\t\t<div class=\"elementor-widget-wrap elementor-element-populated\">\n\t\t\t\t\t\t\t\t<div class=\"elementor-element elementor-element-4cb84f3f elementor-widget elementor-widget-rs-iconbox\" data-id=\"4cb84f3f\" data-element_type=\"widget\" data-widget_type=\"rs-iconbox.default\">\n\t\t\t\t<div class=\"elementor-widget-container\">\n\t\t\t\t\r\n\t\t<div class=\"rs-iconbox-area rs-animation-yes icon_box_style1\">\r\n\t\t    <div class=\"box-inner\">\r\n\r\n\t\t    \t\t\t    \t\t<div class=\"icon-area elementor-animation-wobble-vertical\">\r\n\t\t\t    \t\t\r\n\t\t\t    \t\t\t\t\t    \t\t\t<a href=\"#\"><img decoding=\"async\" src=\"https:\/\/peterneururer.de\/wp-content\/uploads\/2022\/10\/logo_bsc.png\" alt=\"image\"\/><\/a>\r\n\t\t\t    \t\t\r\n\t\t\t    \t\t\t\r\n\t\t    \t\t<\/div>\r\n\r\n\r\n\r\n\t\t    \t      \r\n\t\t\t    <div class=\"text-area\">\r\n\t\t\t    \t\t\r\n\t\t\t    \t\t\t\t    \t\t<p class=\"services-txt\">  Hertha BSC Berlin<\/p>\t\r\n\t\t\t    \t\t\r\n\t\t\t    <\/div>\r\n\r\n\t\t        \r\n\r\n\t\t\t    \r\n\t\t\t<\/div>\r\n\t\t<\/div>\t\r\n\t\t\t<\/div>\n\t\t\t\t<\/div>\n\t\t\t\t\t<\/div>\n\t\t<\/div>\n\t\t\t\t<div class=\"elementor-column elementor-col-33 elementor-top-column elementor-element elementor-element-2ccb37b9\" data-id=\"2ccb37b9\" data-element_type=\"column\" data-settings=\"{&quot;background_background&quot;:&quot;classic&quot;}\">\n\t\t\t<div class=\"elementor-widget-wrap elementor-element-populated\">\n\t\t\t\t\t\t\t\t<div class=\"elementor-element elementor-element-130f5116 elementor-widget elementor-widget-rs-iconbox\" data-id=\"130f5116\" data-element_type=\"widget\" data-widget_type=\"rs-iconbox.default\">\n\t\t\t\t<div class=\"elementor-widget-container\">\n\t\t\t\t\r\n\t\t<div class=\"rs-iconbox-area rs-animation-yes icon_box_style1\">\r\n\t\t    <div class=\"box-inner\">\r\n\r\n\t\t    \t\t\t    \t\t<div class=\"icon-area elementor-animation-wobble-vertical\">\r\n\t\t\t    \t\t\r\n\t\t\t    \t\t\t\t\t    \t\t\t<a href=\"#\"><img decoding=\"async\" src=\"https:\/\/peterneururer.de\/wp-content\/uploads\/2022\/10\/logo_s04.png\" alt=\"image\"\/><\/a>\r\n\t\t\t    \t\t\r\n\t\t\t    \t\t\t\r\n\t\t    \t\t<\/div>\r\n\r\n\r\n\r\n\t\t    \t      \r\n\t\t\t    <div class=\"text-area\">\r\n\t\t\t    \t\t\r\n\t\t\t    \t\t\t\t    \t\t<p class=\"services-txt\">  FC Schalke 04<\/p>\t\r\n\t\t\t    \t\t\r\n\t\t\t    <\/div>\r\n\r\n\t\t        \r\n\r\n\t\t\t    \r\n\t\t\t<\/div>\r\n\t\t<\/div>\t\r\n\t\t\t<\/div>\n\t\t\t\t<\/div>\n\t\t\t\t\t<\/div>\n\t\t<\/div>\n\t\t\t\t<div class=\"elementor-column elementor-col-33 elementor-top-column elementor-element elementor-element-6bd626a elementor-hidden-tablet\" data-id=\"6bd626a\" data-element_type=\"column\" data-settings=\"{&quot;background_background&quot;:&quot;classic&quot;}\">\n\t\t\t<div class=\"elementor-widget-wrap elementor-element-populated\">\n\t\t\t\t\t\t\t\t<div class=\"elementor-element elementor-element-29e0e6e2 elementor-widget elementor-widget-rs-iconbox\" data-id=\"29e0e6e2\" data-element_type=\"widget\" data-widget_type=\"rs-iconbox.default\">\n\t\t\t\t<div class=\"elementor-widget-container\">\n\t\t\t\t\r\n\t\t<div class=\"rs-iconbox-area rs-animation-yes icon_box_style1\">\r\n\t\t    <div class=\"box-inner\">\r\n\r\n\t\t    \t\t\t    \t\t<div class=\"icon-area elementor-animation-wobble-vertical\">\r\n\t\t\t    \t\t\r\n\t\t\t    \t\t\t\t\t    \t\t\t<a href=\"#\"><img decoding=\"async\" src=\"https:\/\/peterneururer.de\/wp-content\/uploads\/2022\/10\/logo_fck.png\" alt=\"image\"\/><\/a>\r\n\t\t\t    \t\t\r\n\t\t\t    \t\t\t\r\n\t\t    \t\t<\/div>\r\n\r\n\r\n\r\n\t\t    \t      \r\n\t\t\t    <div class=\"text-area\">\r\n\t\t\t    \t\t\r\n\t\t\t    \t\t\t\t    \t\t<p class=\"services-txt\">  1. FC K\u00f6ln<\/p>\t\r\n\t\t\t    \t\t\r\n\t\t\t    <\/div>\r\n\r\n\t\t        \r\n\r\n\t\t\t    \r\n\t\t\t<\/div>\r\n\t\t<\/div>\t\r\n\t\t\t<\/div>\n\t\t\t\t<\/div>\n\t\t\t\t\t<\/div>\n\t\t<\/div>\n\t\t\t\t\t\t\t<\/div>\n\t\t<\/section>\n\t\t\t\t<section class=\"elementor-section elementor-top-section elementor-element elementor-element-8f059e7 elementor-section-full_width elementor-section-height-default elementor-section-height-default\" data-id=\"8f059e7\" data-element_type=\"section\">\n\t\t\t\t\t\t<div class=\"elementor-container elementor-column-gap-extended\">\n\t\t\t\t\t<div class=\"elementor-column elementor-col-33 elementor-top-column elementor-element elementor-element-6373c60\" data-id=\"6373c60\" data-element_type=\"column\" data-settings=\"{&quot;background_background&quot;:&quot;classic&quot;}\">\n\t\t\t<div class=\"elementor-widget-wrap elementor-element-populated\">\n\t\t\t\t\t\t\t\t<div class=\"elementor-element elementor-element-0cf655c elementor-widget elementor-widget-rs-iconbox\" data-id=\"0cf655c\" data-element_type=\"widget\" data-widget_type=\"rs-iconbox.default\">\n\t\t\t\t<div class=\"elementor-widget-container\">\n\t\t\t\t\r\n\t\t<div class=\"rs-iconbox-area rs-animation-yes icon_box_style1\">\r\n\t\t    <div class=\"box-inner\">\r\n\r\n\t\t    \t\t\t    \t\t<div class=\"icon-area elementor-animation-wobble-vertical\">\r\n\t\t\t    \t\t\r\n\t\t\t    \t\t\t\t\t    \t\t\t<a href=\"#\"><img decoding=\"async\" src=\"https:\/\/peterneururer.de\/wp-content\/uploads\/2022\/10\/logo_ko.png\" alt=\"image\"\/><\/a>\r\n\t\t\t    \t\t\r\n\t\t\t    \t\t\t\r\n\t\t    \t\t<\/div>\r\n\r\n\r\n\r\n\t\t    \t      \r\n\t\t\t    <div class=\"text-area\">\r\n\t\t\t    \t\t\r\n\t\t\t    \t\t\t\t    \t\t<p class=\"services-txt\">  Kickers Offenbach<\/p>\t\r\n\t\t\t    \t\t\r\n\t\t\t    <\/div>\r\n\r\n\t\t        \r\n\r\n\t\t\t    \r\n\t\t\t<\/div>\r\n\t\t<\/div>\t\r\n\t\t\t<\/div>\n\t\t\t\t<\/div>\n\t\t\t\t\t<\/div>\n\t\t<\/div>\n\t\t\t\t<div class=\"elementor-column elementor-col-33 elementor-top-column elementor-element elementor-element-ac847f8\" data-id=\"ac847f8\" data-element_type=\"column\" data-settings=\"{&quot;background_background&quot;:&quot;classic&quot;}\">\n\t\t\t<div class=\"elementor-widget-wrap elementor-element-populated\">\n\t\t\t\t\t\t\t\t<div class=\"elementor-element elementor-element-d92140f elementor-widget elementor-widget-rs-iconbox\" data-id=\"d92140f\" data-element_type=\"widget\" data-widget_type=\"rs-iconbox.default\">\n\t\t\t\t<div class=\"elementor-widget-container\">\n\t\t\t\t\r\n\t\t<div class=\"rs-iconbox-area rs-animation-yes icon_box_style1\">\r\n\t\t    <div class=\"box-inner\">\r\n\r\n\t\t    \t\t\t    \t\t<div class=\"icon-area elementor-animation-wobble-vertical\">\r\n\t\t\t    \t\t\r\n\t\t\t    \t\t\t\t\t    \t\t\t<a href=\"#\"><img decoding=\"async\" src=\"https:\/\/peterneururer.de\/wp-content\/uploads\/2022\/10\/logo_f95.png\" alt=\"image\"\/><\/a>\r\n\t\t\t    \t\t\r\n\t\t\t    \t\t\t\r\n\t\t    \t\t<\/div>\r\n\r\n\r\n\r\n\t\t    \t      \r\n\t\t\t    <div class=\"text-area\">\r\n\t\t\t    \t\t\r\n\t\t\t    \t\t\t\t    \t\t<p class=\"services-txt\">  Fortuna D\u00fcsseldorf<\/p>\t\r\n\t\t\t    \t\t\r\n\t\t\t    <\/div>\r\n\r\n\t\t        \r\n\r\n\t\t\t    \r\n\t\t\t<\/div>\r\n\t\t<\/div>\t\r\n\t\t\t<\/div>\n\t\t\t\t<\/div>\n\t\t\t\t\t<\/div>\n\t\t<\/div>\n\t\t\t\t<div class=\"elementor-column elementor-col-33 elementor-top-column elementor-element elementor-element-2969a8b elementor-hidden-tablet\" data-id=\"2969a8b\" data-element_type=\"column\" data-settings=\"{&quot;background_background&quot;:&quot;classic&quot;}\">\n\t\t\t<div class=\"elementor-widget-wrap elementor-element-populated\">\n\t\t\t\t\t\t\t\t<div class=\"elementor-element elementor-element-bab9b50 elementor-widget elementor-widget-rs-iconbox\" data-id=\"bab9b50\" data-element_type=\"widget\" data-widget_type=\"rs-iconbox.default\">\n\t\t\t\t<div class=\"elementor-widget-container\">\n\t\t\t\t\r\n\t\t<div class=\"rs-iconbox-area rs-animation-yes icon_box_style1\">\r\n\t\t    <div class=\"box-inner\">\r\n\r\n\t\t    \t\t\t    \t\t<div class=\"icon-area elementor-animation-wobble-vertical\">\r\n\t\t\t    \t\t\r\n\t\t\t    \t\t\t\t\t    \t\t\t<a href=\"#\"><img decoding=\"async\" src=\"https:\/\/peterneururer.de\/wp-content\/uploads\/2022\/10\/logo_aachen.png\" alt=\"image\"\/><\/a>\r\n\t\t\t    \t\t\r\n\t\t\t    \t\t\t\r\n\t\t    \t\t<\/div>\r\n\r\n\r\n\r\n\t\t    \t      \r\n\t\t\t    <div class=\"text-area\">\r\n\t\t\t    \t\t\r\n\t\t\t    \t\t\t\t    \t\t<p class=\"services-txt\">  Alemannia Aachen<\/p>\t\r\n\t\t\t    \t\t\r\n\t\t\t    <\/div>\r\n\r\n\t\t        \r\n\r\n\t\t\t    \r\n\t\t\t<\/div>\r\n\t\t<\/div>\t\r\n\t\t\t<\/div>\n\t\t\t\t<\/div>\n\t\t\t\t\t<\/div>\n\t\t<\/div>\n\t\t\t\t\t\t\t<\/div>\n\t\t<\/section>\n\t\t\t\t<section class=\"elementor-section elementor-top-section elementor-element elementor-element-e2e9c84 elementor-section-full_width elementor-section-height-default elementor-section-height-default\" data-id=\"e2e9c84\" data-element_type=\"section\">\n\t\t\t\t\t\t<div class=\"elementor-container elementor-column-gap-extended\">\n\t\t\t\t\t<div class=\"elementor-column elementor-col-33 elementor-top-column elementor-element elementor-element-fe091f7\" data-id=\"fe091f7\" data-element_type=\"column\" data-settings=\"{&quot;background_background&quot;:&quot;classic&quot;}\">\n\t\t\t<div class=\"elementor-widget-wrap elementor-element-populated\">\n\t\t\t\t\t\t\t\t<div class=\"elementor-element elementor-element-f6216bd elementor-widget elementor-widget-rs-iconbox\" data-id=\"f6216bd\" data-element_type=\"widget\" data-widget_type=\"rs-iconbox.default\">\n\t\t\t\t<div class=\"elementor-widget-container\">\n\t\t\t\t\r\n\t\t<div class=\"rs-iconbox-area rs-animation-yes icon_box_style1\">\r\n\t\t    <div class=\"box-inner\">\r\n\r\n\t\t    \t\t\t    \t\t<div class=\"icon-area elementor-animation-wobble-vertical\">\r\n\t\t\t    \t\t\r\n\t\t\t    \t\t\t\t\t    \t\t\t<a href=\"#\"><img decoding=\"async\" src=\"https:\/\/peterneururer.de\/wp-content\/uploads\/2022\/10\/logo_rwe.png\" alt=\"image\"\/><\/a>\r\n\t\t\t    \t\t\r\n\t\t\t    \t\t\t\r\n\t\t    \t\t<\/div>\r\n\r\n\r\n\r\n\t\t    \t      \r\n\t\t\t    <div class=\"text-area\">\r\n\t\t\t    \t\t\r\n\t\t\t    \t\t\t\t    \t\t<p class=\"services-txt\">  Rot-Weiss Essen<\/p>\t\r\n\t\t\t    \t\t\r\n\t\t\t    <\/div>\r\n\r\n\t\t        \r\n\r\n\t\t\t    \r\n\t\t\t<\/div>\r\n\t\t<\/div>\t\r\n\t\t\t<\/div>\n\t\t\t\t<\/div>\n\t\t\t\t\t<\/div>\n\t\t<\/div>\n\t\t\t\t<div class=\"elementor-column elementor-col-33 elementor-top-column elementor-element elementor-element-fd6ac1e\" data-id=\"fd6ac1e\" data-element_type=\"column\" data-settings=\"{&quot;background_background&quot;:&quot;classic&quot;}\">\n\t\t\t<div class=\"elementor-widget-wrap elementor-element-populated\">\n\t\t\t\t\t\t\t\t<div class=\"elementor-element elementor-element-97319d3 elementor-widget elementor-widget-rs-iconbox\" data-id=\"97319d3\" data-element_type=\"widget\" data-widget_type=\"rs-iconbox.default\">\n\t\t\t\t<div class=\"elementor-widget-container\">\n\t\t\t\t\r\n\t\t<div class=\"rs-iconbox-area rs-animation-yes icon_box_style1\">\r\n\t\t    <div class=\"box-inner\">\r\n\r\n\t\t    \t\t\t    \t\t<div class=\"icon-area elementor-animation-wobble-vertical\">\r\n\t\t\t    \t\t\r\n\t\t\t    \t\t\t\t\t    \t\t\t<a href=\"#\"><img decoding=\"async\" src=\"https:\/\/peterneururer.de\/wp-content\/uploads\/2022\/10\/logo_fcs.png\" alt=\"image\"\/><\/a>\r\n\t\t\t    \t\t\r\n\t\t\t    \t\t\t\r\n\t\t    \t\t<\/div>\r\n\r\n\r\n\r\n\t\t    \t      \r\n\t\t\t    <div class=\"text-area\">\r\n\t\t\t    \t\t\r\n\t\t\t    \t\t\t\t    \t\t<p class=\"services-txt\">  1.FC Saarbr\u00fccken<\/p>\t\r\n\t\t\t    \t\t\r\n\t\t\t    <\/div>\r\n\r\n\t\t        \r\n\r\n\t\t\t    \r\n\t\t\t<\/div>\r\n\t\t<\/div>\t\r\n\t\t\t<\/div>\n\t\t\t\t<\/div>\n\t\t\t\t\t<\/div>\n\t\t<\/div>\n\t\t\t\t<div class=\"elementor-column elementor-col-33 elementor-top-column elementor-element elementor-element-eaa4af0 elementor-hidden-tablet\" data-id=\"eaa4af0\" data-element_type=\"column\" data-settings=\"{&quot;background_background&quot;:&quot;classic&quot;}\">\n\t\t\t<div class=\"elementor-widget-wrap elementor-element-populated\">\n\t\t\t\t\t\t\t\t<div class=\"elementor-element elementor-element-eec8df2 elementor-widget elementor-widget-rs-iconbox\" data-id=\"eec8df2\" data-element_type=\"widget\" data-widget_type=\"rs-iconbox.default\">\n\t\t\t\t<div class=\"elementor-widget-container\">\n\t\t\t\t\r\n\t\t<div class=\"rs-iconbox-area rs-animation-yes icon_box_style1\">\r\n\t\t    <div class=\"box-inner\">\r\n\r\n\t\t    \t\t\t    \t\t<div class=\"icon-area elementor-animation-wobble-vertical\">\r\n\t\t\t    \t\t\r\n\t\t\t    \t\t\t\t\t    \t\t\t<a href=\"#\"><img decoding=\"async\" src=\"https:\/\/peterneururer.de\/wp-content\/uploads\/2022\/10\/logo_lra.png\" alt=\"image\"\/><\/a>\r\n\t\t\t    \t\t\r\n\t\t\t    \t\t\t\r\n\t\t    \t\t<\/div>\r\n\r\n\r\n\r\n\t\t    \t      \r\n\t\t\t    <div class=\"text-area\">\r\n\t\t\t    \t\t\r\n\t\t\t    \t\t\t\t    \t\t<p class=\"services-txt\">  Rot-Weiss Ahlen<\/p>\t\r\n\t\t\t    \t\t\r\n\t\t\t    <\/div>\r\n\r\n\t\t        \r\n\r\n\t\t\t    \r\n\t\t\t<\/div>\r\n\t\t<\/div>\t\r\n\t\t\t<\/div>\n\t\t\t\t<\/div>\n\t\t\t\t\t<\/div>\n\t\t<\/div>\n\t\t\t\t\t\t\t<\/div>\n\t\t<\/section>\n\t\t\t\t\t\t\t<\/div>\n\t\t","protected":false},"excerpt":{"rendered":"<p>VITAVITA Beruf: Bundesligatrainer Ausbildung:Dipl. SportwissenschaftlerDipl. Fu\u00dfballlehrer Trainerlizenz: UEFA Pro Lizenz Sprachen: deutsch, englisch, franz\u00f6sisch, spanisch Trainerlaufbahn: VfL Bochum MSV Duisburg Hannover 96 Hertha BSC Berlin FC Schalke 04 1. FC K\u00f6ln Kickers Offenbach Fortuna D\u00fcsseldorf Alemannia Aachen Rot-Weiss Essen 1.FC Saarbr\u00fccken Rot-Weiss Ahlen<\/p>\n","protected":false},"author":1,"featured_media":0,"parent":0,"menu_order":0,"comment_status":"closed","ping_status":"closed","template":"","meta":{"ngg_post_thumbnail":0,"footnotes":""},"class_list":["post-22536","page","type-page","status-publish","hentry"],"_links":{"self":[{"href":"https:\/\/peterneururer.de\/index.php\/wp-json\/wp\/v2\/pages\/22536","targetHints":{"allow":["GET"]}}],"collection":[{"href":"https:\/\/peterneururer.de\/index.php\/wp-json\/wp\/v2\/pages"}],"about":[{"href":"https:\/\/peterneururer.de\/index.php\/wp-json\/wp\/v2\/types\/page"}],"author":[{"embeddable":true,"href":"https:\/\/peterneururer.de\/index.php\/wp-json\/wp\/v2\/users\/1"}],"replies":[{"embeddable":true,"href":"https:\/\/peterneururer.de\/index.php\/wp-json\/wp\/v2\/comments?post=22536"}],"version-history":[{"count":8,"href":"https:\/\/peterneururer.de\/index.php\/wp-json\/wp\/v2\/pages\/22536\/revisions"}],"predecessor-version":[{"id":27686,"href":"https:\/\/peterneururer.de\/index.php\/wp-json\/wp\/v2\/pages\/22536\/revisions\/27686"}],"wp:attachment":[{"href":"https:\/\/peterneururer.de\/index.php\/wp-json\/wp\/v2\/media?parent=22536"}],"curies":[{"name":"wp","href":"https:\/\/api.w.org\/{rel}","templated":true}]}}